{"id":22,"date":"2024-02-04T18:12:52","date_gmt":"2024-02-04T17:12:52","guid":{"rendered":"http:\/\/www.efantos.com\/wpblog\/?page_id=22"},"modified":"2024-02-11T21:35:22","modified_gmt":"2024-02-11T20:35:22","slug":"ueber-uns","status":"publish","type":"page","link":"https:\/\/www.efantos.de\/index.php\/ueber-uns\/","title":{"rendered":"\u00dcber uns"},"content":{"rendered":"\n<h1 class=\"wp-block-heading\">&#8222;PHANTASIE IST WICHTIGER ALS WISSEN&#8220;<\/h1>\n\n\n\n<p>Nicht nur weil Wissen begrenzt ist &#8211; auch weil Phantasie so viel Spa\u00df macht!<\/p>\n\n\n\n<h2 class=\"wp-block-heading\">Why? &#8211; Warum sind wir hier&#8230;<\/h2>\n\n\n\n<p><strong>efantos <\/strong>ist unsere kleine digitale Welt rund um die Themen, die uns bewegen.<\/p>\n\n\n\n<p>Ihr k\u00f6nnt es auch als digitales Ged\u00e4chtnis oder Suche nach Gleichgesinnten bezeichnen. Eigentlich wollten wir es einen Blog nennen&#8230; doch ob uns das gelingt, wird die Zukunft erst noch zeigen m\u00fcssen.<\/p>\n\n\n\n<h2 class=\"wp-block-heading\">The mission! &#8211; Worum es geht&#8230;<\/h2>\n\n\n\n<h3 class=\"wp-block-heading\">Fantasy-Spiele wie Cthulhu, Rangers of Shadow Deep und Freebooter&#8217;s Fate<\/h3>\n\n\n\n<p><strong>Cthulhu&nbsp;<\/strong>ist ein Pen&amp;Paper-Rollenspiel. Das Horror-Rollenspiel basiert auf den Werken des Schriftstellers Howard Philipps Lovecraft. In diesem Spiel voller Geheimnisse, R\u00e4tsel und Schrecken schl\u00fcpfen die Spieler in die Rollen standhafter Ermittler, welche zu merkw\u00fcrdigen und gef\u00e4hrlichen Orten reisen, \u00fcble Pl\u00e4ne enth\u00fcllen und sich gegen die Schrecken der Nacht stellen.<\/p>\n\n\n\n<p><strong>Rangers of Shadow Deep<\/strong>&nbsp;ist ein Tabletop-Abenteuerspiel, das solo und kooperativ gespielt werden kann. Die Spieler erschaffen ihren eigenen Ranger, rekrutieren Gef\u00e4hrten, suchen sich passende Miniaturfiguren und spielen unterschiedliche Missionen.&nbsp;Der Shadow Deep ist ein riesiges Schattenreich, das sich immer weiter ausbreitet, alles verschluckt und langsam unter sich begr\u00e4bt. Die Ranger sind die Helden, die versuchen das B\u00f6se aufzuhalten.<br>Gespielt werden k\u00f6nnen die Szenarien mit beliebigen Figuren und Gel\u00e4nde, die zu der Geschichte passen.<\/p>\n\n\n\n<p><strong>Freebooter&#8217;s Fate<\/strong>&nbsp;ist ein schnelles und taktisches Skirmish Tabletop, bei dem sich alles um Piraten, Goblins, Amazonen und andere verr\u00fcckte Figuren dreht. Das Besondere ist &#8211; es gibt keine W\u00fcrfel! Stattdessen gibt es viel Spa\u00df und nicht so viel Ernst im Spiel. Entdecke eine Welt voller Schurken und Helden, Damen, Weibsbildern und anderen Halunken als Zinnminiaturen im 30 mm Ma\u00dfstab!<\/p>\n\n\n\n<p>Wie immer beim Tabletop geht es bei dieser Art Spiel hier nicht nur um&#8217;s Spielen &#8211; sondern auch um das Bemalen der Figuren und das Bauen der Spielwelt.<\/p>\n\n\n\n<h3 class=\"wp-block-heading\">Modellbau<\/h3>\n\n\n\n<p>Es sind fern-gesteuerte Schiffsmodelle und RC-Cars (Crawler), die uns begeistern. W\u00e4hrend es beim Schiffsmodell um Funktion und den Modellbau geht, ist es bei den Crawlern die Herausforderung des Fahrens in den unm\u00f6glichsten Gel\u00e4nden.<br>Unser Heimathafen ist das H\u00fccker Moor in Spenge, wo man mit Sondergenehmigung die Schiffsmodelle zu Wasser lassen kann.<br>Die umliegenden W\u00e4lder und der Doberg bieten die Fahrstrecken f\u00fcr die Crawler.<\/p>\n\n\n\n<h3 class=\"wp-block-heading\">&nbsp;<\/h3>\n\n\n\n<h3 class=\"wp-block-heading\">Maker<\/h3>\n\n\n\n<p>Im Sinne der Technik-bezogenen Variante der Do-It-Yourself-Kultur \ud83d\ude09 Es geht also um 3D-Druck, Elektronik-Gadgets und alles was man im Fantasy-Spiel und Modellbau so gebrauchen und selbst bauen kann.<\/p>\n\n\n\n<h2 class=\"wp-block-heading\">&nbsp;<\/h2>\n\n\n\n<h2 class=\"wp-block-heading\">History &#8211; Was bisher geschah&#8230;<\/h2>\n\n\n\n<p><strong>efantos<\/strong> gibt es schon recht lange&#8230; Es begann 2008 mit statischem HTML und Themen aus der IT und der Welt der Programmierung&#8230; heute ist nur noch ein Teil des alten Content online und es werkelt die 4. Generation eines CMS, um diesen Text f\u00fcr euch zu rendern \ud83d\ude09<\/p>\n","protected":false},"excerpt":{"rendered":"<p>&#8222;PHANTASIE IST WICHTIGER ALS WISSEN&#8220; Nicht nur weil Wissen begrenzt ist &#8211; auch weil Phantasie so viel Spa\u00df macht! Why? &#8211; Warum sind wir hier&#8230; efantos ist unsere kleine digitale Welt rund um die Themen, die uns bewegen. Ihr k\u00f6nnt es auch als digitales Ged\u00e4chtnis oder Suche nach Gleichgesinnten bezeichnen. Eigentlich wollten wir es einen &hellip; <\/p>\n<p class=\"link-more\"><a href=\"https:\/\/www.efantos.de\/index.php\/ueber-uns\/\" class=\"more-link\"><span class=\"screen-reader-text\">\u201e\u00dcber uns\u201c<\/span> weiterlesen<\/a><\/p>\n","protected":false},"author":1,"featured_media":41,"parent":0,"menu_order":0,"comment_status":"closed","ping_status":"closed","template":"","meta":{"footnotes":""},"_links":{"self":[{"href":"https:\/\/www.efantos.de\/index.php\/wp-json\/wp\/v2\/pages\/22"}],"collection":[{"href":"https:\/\/www.efantos.de\/index.php\/wp-json\/wp\/v2\/pages"}],"about":[{"href":"https:\/\/www.efantos.de\/index.php\/wp-json\/wp\/v2\/types\/page"}],"author":[{"embeddable":true,"href":"https:\/\/www.efantos.de\/index.php\/wp-json\/wp\/v2\/users\/1"}],"replies":[{"embeddable":true,"href":"https:\/\/www.efantos.de\/index.php\/wp-json\/wp\/v2\/comments?post=22"}],"version-history":[{"count":3,"href":"https:\/\/www.efantos.de\/index.php\/wp-json\/wp\/v2\/pages\/22\/revisions"}],"predecessor-version":[{"id":62,"href":"https:\/\/www.efantos.de\/index.php\/wp-json\/wp\/v2\/pages\/22\/revisions\/62"}],"wp:featuredmedia":[{"embeddable":true,"href":"https:\/\/www.efantos.de\/index.php\/wp-json\/wp\/v2\/media\/41"}],"wp:attachment":[{"href":"https:\/\/www.efantos.de\/index.php\/wp-json\/wp\/v2\/media?parent=22"}],"curies":[{"name":"wp","href":"https:\/\/api.w.org\/{rel}","templated":true}]}}